{"id":85,"date":"2023-11-08T20:27:30","date_gmt":"2023-11-08T20:27:30","guid":{"rendered":"https:\/\/max-ved.hu\/?page_id=85"},"modified":"2023-11-14T19:25:09","modified_gmt":"2023-11-14T19:25:09","slug":"kaputelefon-rendszerek","status":"publish","type":"page","link":"https:\/\/max-ved.hu\/index.php\/kaputelefon-rendszerek\/","title":{"rendered":"Kaputelefon rendszerek"},"content":{"rendered":"\t\t<div data-elementor-type=\"wp-page\" data-elementor-id=\"85\" class=\"elementor elementor-85\" data-elementor-post-type=\"page\">\n\t\t\t\t<div class=\"elementor-element elementor-element-87ea42d e-flex e-con-boxed e-con e-parent\" data-id=\"87ea42d\" data-element_type=\"container\" data-settings=\"{&quot;background_background&quot;:&quot;classic&quot;}\">\n\t\t\t\t\t<div class=\"e-con-inner\">\n\t\t\t\t<div class=\"elementor-element elementor-element-289d6e7 elementor-invisible elementor-widget elementor-widget-heading\" data-id=\"289d6e7\" data-element_type=\"widget\" data-settings=\"{&quot;_animation&quot;:&quot;fadeIn&quot;,&quot;_animation_mobile&quot;:&quot;none&quot;}\" data-widget_type=\"heading.default\">\n\t\t\t\t<div class=\"elementor-widget-container\">\n\t\t\t\t\t<h2 class=\"elementor-heading-title elementor-size-default\">KAPUTELEFON RENDSZEREK<\/h2>\t\t\t\t<\/div>\n\t\t\t\t<\/div>\n\t\t\t\t\t<\/div>\n\t\t\t\t<\/div>\n\t\t<div class=\"elementor-element elementor-element-3c03c6c e-flex e-con-boxed e-con e-parent\" data-id=\"3c03c6c\" data-element_type=\"container\" data-settings=\"{&quot;background_background&quot;:&quot;classic&quot;}\">\n\t\t\t\t\t<div class=\"e-con-inner\">\n\t\t<div class=\"elementor-element elementor-element-0e3eb43 e-con-full e-flex elementor-invisible e-con e-child\" data-id=\"0e3eb43\" data-element_type=\"container\" data-settings=\"{&quot;animation&quot;:&quot;fadeInLeft&quot;,&quot;animation_mobile&quot;:&quot;none&quot;}\">\n\t\t\t\t<div class=\"elementor-element elementor-element-6feb5dd elementor-widget elementor-widget-text-editor\" data-id=\"6feb5dd\" data-element_type=\"widget\" data-widget_type=\"text-editor.default\">\n\t\t\t\t<div class=\"elementor-widget-container\">\n\t\t\t\t\t\t\t\t\t<p>A kaputelefon tal\u00e1n a legismertebb \u00e9s a legsz\u00e9lesebb k\u00f6rben elterjedt biztons\u00e1gi eszk\u00f6z, amit ismer\u00fcnk \u00e9s amit szinte minden otthonban haszn\u00e1lnak. Hozz\u00e1j\u00e1rul a biztons\u00e1g \u00e9s a k\u00e9nyelem n\u00f6vel\u00e9s\u00e9hez, hiszen lehet\u0151v\u00e9 teszi a lak\u00f3k sz\u00e1m\u00e1ra, hogy kommunik\u00e1ljanak a l\u00e1togat\u00f3kkal, m\u00e9g miel\u0151tt enged\u00e9lyt adn\u00e1nak a bel\u00e9p\u00e9sre \u00e9s hozz\u00e1j\u00e1rul ahhoz, hogy csak azzal ker\u00fclj\u00fcnk szem\u00e9lyes kontaktusba, akivel mi is szeretn\u00e9nk. \u00c9let\u00fcnk r\u00e9sze otthon \u00e9s a munkahelyen \u00e9s az els\u0151 kapcsolatfelv\u00e9teli fel\u00fclet, amivel tal\u00e1lkozunk.<\/p>\t\t\t\t\t\t\t\t<\/div>\n\t\t\t\t<\/div>\n\t\t\t\t<div class=\"elementor-element elementor-element-a77714d elementor-widget-divider--view-line elementor-widget elementor-widget-divider\" data-id=\"a77714d\" data-element_type=\"widget\" data-widget_type=\"divider.default\">\n\t\t\t\t<div class=\"elementor-widget-container\">\n\t\t\t\t\t\t\t<div class=\"elementor-divider\">\n\t\t\t<span class=\"elementor-divider-separator\">\n\t\t\t\t\t\t<\/span>\n\t\t<\/div>\n\t\t\t\t\t\t<\/div>\n\t\t\t\t<\/div>\n\t\t\t\t<div class=\"elementor-element elementor-element-b73cc9a elementor-widget elementor-widget-text-editor\" data-id=\"b73cc9a\" data-element_type=\"widget\" data-widget_type=\"text-editor.default\">\n\t\t\t\t<div class=\"elementor-widget-container\">\n\t\t\t\t\t\t\t\t\t<p>Sokf\u00e9le kaputelefont ismerhet\u00fcnk, de a mai kaputelefonok a folyamatos fejl\u0151d\u00e9snek k\u00f6sz\u00f6nhet\u0151en lassan mindenen t\u00faltesznek, hiszen a besz\u00e9d \u00e9s k\u00e9pmegjelen\u00edt\u00e9s mellett, k\u00e9pesek a h\u00edv\u00e1st \u00e9s kamerak\u00e9pet okostelefonunkra tov\u00e1bb\u00edtani, biztos\u00edtva azt, hogy t\u00e1voll\u00e9t alatt is tudjuk mi t\u00f6rt\u00e9nik a tulajdonunk k\u00f6zvetlen k\u00f6rnyezet\u00e9ben.Sz\u00e1mos kaputelefon v\u00e1laszthat\u00f3 proxy k\u00e1rty\u00e1s \u00e9s\/vagy k\u00f3dz\u00e1ras funkci\u00f3val, melyek lehet\u0151v\u00e9 teszik az egyszer\u0171 \u00e9s k\u00e9nyelmes bejut\u00e1st a ter\u00fcletre.<\/p>\t\t\t\t\t\t\t\t<\/div>\n\t\t\t\t<\/div>\n\t\t\t\t<\/div>\n\t\t<div class=\"elementor-element elementor-element-cf8ae1f e-con-full e-flex elementor-invisible e-con e-child\" data-id=\"cf8ae1f\" data-element_type=\"container\" data-settings=\"{&quot;animation&quot;:&quot;fadeInRight&quot;,&quot;animation_mobile&quot;:&quot;none&quot;}\">\n\t\t\t\t<div class=\"elementor-element elementor-element-2ae9b47 elementor-widget elementor-widget-image\" data-id=\"2ae9b47\" data-element_type=\"widget\" data-widget_type=\"image.default\">\n\t\t\t\t<div class=\"elementor-widget-container\">\n\t\t\t\t\t\t\t\t\t\t\t\t\t\t\t<img decoding=\"async\" src=\"https:\/\/i0.wp.com\/max-ved.hu\/wp-content\/uploads\/2023\/11\/bernard-hermant-Hd0m_5-OyCw-unsplash.jpg?fit=%2C&amp;ssl=1\" class=\"attachment-full size-full wp-image-37\" alt=\"\" \/>\t\t\t\t\t\t\t\t\t\t\t\t\t\t\t<\/div>\n\t\t\t\t<\/div>\n\t\t\t\t<\/div>\n\t\t\t\t\t<\/div>\n\t\t\t\t<\/div>\n\t\t<div class=\"elementor-element elementor-element-d20e707 e-flex e-con-boxed e-con e-parent\" data-id=\"d20e707\" data-element_type=\"container\" data-settings=\"{&quot;background_background&quot;:&quot;classic&quot;}\">\n\t\t\t\t\t<div class=\"e-con-inner\">\n\t\t<div class=\"elementor-element elementor-element-f665505 e-con-full e-flex elementor-invisible e-con e-child\" data-id=\"f665505\" data-element_type=\"container\" data-settings=\"{&quot;animation&quot;:&quot;fadeInLeft&quot;,&quot;animation_delay&quot;:200,&quot;animation_mobile&quot;:&quot;none&quot;,&quot;background_background&quot;:&quot;classic&quot;}\">\n\t\t\t\t<div class=\"elementor-element elementor-element-7c193b2 elementor-widget elementor-widget-heading\" data-id=\"7c193b2\" data-element_type=\"widget\" data-widget_type=\"heading.default\">\n\t\t\t\t<div class=\"elementor-widget-container\">\n\t\t\t\t\t<h2 class=\"elementor-heading-title elementor-size-default\">Alkalmaz\u00e1si ter\u00fcletek:<\/h2>\t\t\t\t<\/div>\n\t\t\t\t<\/div>\n\t\t\t\t<div class=\"elementor-element elementor-element-e6c820f elementor-widget-divider--view-line elementor-widget elementor-widget-divider\" data-id=\"e6c820f\" data-element_type=\"widget\" data-widget_type=\"divider.default\">\n\t\t\t\t<div class=\"elementor-widget-container\">\n\t\t\t\t\t\t\t<div class=\"elementor-divider\">\n\t\t\t<span class=\"elementor-divider-separator\">\n\t\t\t\t\t\t<\/span>\n\t\t<\/div>\n\t\t\t\t\t\t<\/div>\n\t\t\t\t<\/div>\n\t\t\t\t<div class=\"elementor-element elementor-element-0f05892 elementor-widget elementor-widget-text-editor\" data-id=\"0f05892\" data-element_type=\"widget\" data-widget_type=\"text-editor.default\">\n\t\t\t\t<div class=\"elementor-widget-container\">\n\t\t\t\t\t\t\t\t\t<ul><li>Lak\u00f3h\u00e1zak \u00e9s kisebb\/nagyobb t\u00e1rsash\u00e1zak &#8211; a lak\u00f3k k\u00e9nyelme, a l\u00e1togat\u00f3k ellen\u0151rz\u00e9se \u00e9s azonos\u00edt\u00e1sa \u00e9rdek\u00e9ben<\/li><li>Irodah\u00e1zak, parkol\u00f3h\u00e1zak \u2013 az alkalmazottak ellen\u0151rz\u00e9se ok\u00e1n<\/li><li>K\u00f6z\u00f6ss\u00e9gi helyek, pl. sportklub, iskola \u2013 a bel\u00e9ptet\u00e9s \u00e9s a l\u00e1togat\u00f3k ellen\u0151rz\u00e9se miatt<\/li><\/ul>\t\t\t\t\t\t\t\t<\/div>\n\t\t\t\t<\/div>\n\t\t\t\t<div class=\"elementor-element elementor-element-eb97e67 elementor-widget elementor-widget-image\" data-id=\"eb97e67\" data-element_type=\"widget\" data-widget_type=\"image.default\">\n\t\t\t\t<div class=\"elementor-widget-container\">\n\t\t\t\t\t\t\t\t\t\t\t\t\t\t\t<img decoding=\"async\" src=\"https:\/\/i0.wp.com\/max-ved.hu\/wp-content\/uploads\/2023\/11\/intercom-main-gate-residential-building.jpg?fit=%2C&amp;ssl=1\" class=\"attachment-full size-full wp-image-107\" alt=\"\" \/>\t\t\t\t\t\t\t\t\t\t\t\t\t\t\t<\/div>\n\t\t\t\t<\/div>\n\t\t\t\t<\/div>\n\t\t<div class=\"elementor-element elementor-element-6476b88 e-con-full e-flex elementor-invisible e-con e-child\" data-id=\"6476b88\" data-element_type=\"container\" data-settings=\"{&quot;animation&quot;:&quot;fadeInRight&quot;,&quot;animation_delay&quot;:200,&quot;animation_mobile&quot;:&quot;none&quot;}\">\n\t\t\t\t<div class=\"elementor-element elementor-element-8286721 elementor-widget elementor-widget-heading\" data-id=\"8286721\" data-element_type=\"widget\" data-widget_type=\"heading.default\">\n\t\t\t\t<div class=\"elementor-widget-container\">\n\t\t\t\t\t<h2 class=\"elementor-heading-title elementor-size-default\">Kaputelefonok t\u00edpusai:<\/h2>\t\t\t\t<\/div>\n\t\t\t\t<\/div>\n\t\t\t\t<div class=\"elementor-element elementor-element-483a926 elementor-widget-divider--view-line elementor-widget elementor-widget-divider\" data-id=\"483a926\" data-element_type=\"widget\" data-widget_type=\"divider.default\">\n\t\t\t\t<div class=\"elementor-widget-container\">\n\t\t\t\t\t\t\t<div class=\"elementor-divider\">\n\t\t\t<span class=\"elementor-divider-separator\">\n\t\t\t\t\t\t<\/span>\n\t\t<\/div>\n\t\t\t\t\t\t<\/div>\n\t\t\t\t<\/div>\n\t\t\t\t<div class=\"elementor-element elementor-element-07a3e25 elementor-widget elementor-widget-text-editor\" data-id=\"07a3e25\" data-element_type=\"widget\" data-widget_type=\"text-editor.default\">\n\t\t\t\t<div class=\"elementor-widget-container\">\n\t\t\t\t\t\t\t\t\t<ul><li>Anal\u00f3g kaputelefon, 2-7 vezet\u00e9k k\u00f6ti \u00f6ssze a k\u00fclt\u00e9rit a belt\u00e9rivel, a k\u00fclt\u00e9ri egys\u00e9gen minden lak\u00e1shoz tartozik egy nyom\u00f3gomb \u00e9s egy hozz\u00e1tartoz\u00f3 n\u00e9vt\u00e1bla.<\/li><\/ul><ul><li>Digit\u00e1lis kaputelefon, 2-3 vezet\u00e9k k\u00f6ti \u00f6ssze a k\u00fclt\u00e9rit a belt\u00e9rivel, \u00e1ltal\u00e1ban egy sz\u00e1mtasztat\u00far\u00e1n egy h\u00edv\u00f3sz\u00e1m be\u00fct\u00e9s\u00e9vel t\u00f6rt\u00e9nik a h\u00edv\u00e1s.<\/li><\/ul><ul><li>IP kaputelefon, Wifi-vel is p\u00e1ros\u00edthat\u00f3 (vezet\u00e9kesen is megoldhat\u00f3), el\u0151z\u0151ekt\u0151l elt\u00e9r\u0151en sz\u00e1mos be\u00e1ll\u00edthat\u00f3 funkci\u00f3t tartalmaz, mint a ,,Ne zavarj\u201d funkci\u00f3, elmulasztott<br \/>h\u00edv\u00e1s eset\u00e9n \u00fczenethagy\u00e1si lehet\u0151s\u00e9g, h\u00edv\u00e1snapl\u00f3 vezet\u00e9se, automatikus k\u00e9pment\u00e9s, applik\u00e1ci\u00f3s vez\u00e9rl\u00e9s, stb.<\/li><\/ul><ul><li>GSM kaputelefon, k\u00e1belez\u00e9s n\u00e9lk\u00fcli rendszer, SIM k\u00e1rty\u00e1val m\u0171k\u00f6dik \u00e9s \u00e1ltal\u00e1ban 1-4 nyom\u00f3gombos v\u00e1ltozat. Lak\u00e1sonk\u00e9nt k\u00e9t telefonsz\u00e1mot lehet megadni, melyek<br \/>kics\u00f6ng\u00e9si ideje be\u00e1ll\u00edthat\u00f3. M\u0171k\u00f6d\u00e9se egyszer\u0171, a kaputelefon GSM h\u00e1l\u00f3zaton kereszt\u00fcl l\u00e9tes\u00edt kapcsolatot a h\u00edvott sz\u00e1mmal, az eszk\u00f6z be\u00fczemel\u00e9s\u00e9hez pedig csak a<br \/>t\u00e1pell\u00e1t\u00e1st kell biztos\u00edtani. H\u00edv\u00e1s k\u00f6zben lehet\u0151s\u00e9g van az ajt\u00f3 vez\u00e9rl\u00e9s\u00e9re is.<\/li><\/ul><ul><li>Vezet\u00e9k n\u00e9lk\u00fcli(r\u00e1di\u00f3s) kaputelefon, olyan helyeken alkalmazhat\u00f3, ahol nincs m\u00f3d rombol\u00e1s n\u00e9lk\u00fcl a vezet\u00e9k ki\u00e9p\u00edt\u00e9sre. A k\u00fclt\u00e9ri \u00e9s belt\u00e9ri k\u00f6z\u00f6tti hat\u00f3t\u00e1vols\u00e1got t\u00f6bb<br \/>t\u00e9nyez\u0151 befoly\u00e1solja, pl. falak vastags\u00e1ga, falak sz\u00e1ma, terepviszonyok, stb.<\/li><\/ul>\t\t\t\t\t\t\t\t<\/div>\n\t\t\t\t<\/div>\n\t\t<div class=\"elementor-element elementor-element-c89c4a2 e-con-full e-flex e-con e-child\" data-id=\"c89c4a2\" data-element_type=\"container\">\n\t\t\t\t<div class=\"elementor-element elementor-element-fb2e65e elementor-widget elementor-widget-heading\" data-id=\"fb2e65e\" data-element_type=\"widget\" data-widget_type=\"heading.default\">\n\t\t\t\t<div class=\"elementor-widget-container\">\n\t\t\t\t\t<h2 class=\"elementor-heading-title elementor-size-default\">A kaputelefon rendszer legf\u0151bb r\u00e9szei:<\/h2>\t\t\t\t<\/div>\n\t\t\t\t<\/div>\n\t\t\t\t<div class=\"elementor-element elementor-element-36947c3 elementor-widget-divider--view-line elementor-widget elementor-widget-divider\" data-id=\"36947c3\" data-element_type=\"widget\" data-widget_type=\"divider.default\">\n\t\t\t\t<div class=\"elementor-widget-container\">\n\t\t\t\t\t\t\t<div class=\"elementor-divider\">\n\t\t\t<span class=\"elementor-divider-separator\">\n\t\t\t\t\t\t<\/span>\n\t\t<\/div>\n\t\t\t\t\t\t<\/div>\n\t\t\t\t<\/div>\n\t\t\t\t<div class=\"elementor-element elementor-element-2df2188 elementor-widget elementor-widget-text-editor\" data-id=\"2df2188\" data-element_type=\"widget\" data-widget_type=\"text-editor.default\">\n\t\t\t\t<div class=\"elementor-widget-container\">\n\t\t\t\t\t\t\t\t\t<ul><li>K\u00fclt\u00e9ri egys\u00e9g<\/li><li>Belt\u00e9ri egys\u00e9g<\/li><li>T\u00e1pegys\u00e9g<\/li><li>Elektromos z\u00e1r vagy s\u00edkm\u00e1gnes<\/li><\/ul>\t\t\t\t\t\t\t\t<\/div>\n\t\t\t\t<\/div>\n\t\t\t\t<\/div>\n\t\t\t\t<\/div>\n\t\t\t\t\t<\/div>\n\t\t\t\t<\/div>\n\t\t\t\t<\/div>\n\t\t","protected":false},"excerpt":{"rendered":"<p>KAPUTELEFON RENDSZEREK A kaputelefon tal\u00e1n a legismertebb \u00e9s a legsz\u00e9lesebb k\u00f6rben elterjedt biztons\u00e1gi eszk\u00f6z, amit ismer\u00fcnk \u00e9s amit szinte minden otthonban haszn\u00e1lnak. Hozz\u00e1j\u00e1rul a biztons\u00e1g \u00e9s a k\u00e9nyelem n\u00f6vel\u00e9s\u00e9hez, hiszen lehet\u0151v\u00e9 teszi a lak\u00f3k sz\u00e1m\u00e1ra, hogy kommunik\u00e1ljanak a l\u00e1togat\u00f3kkal, m\u00e9g miel\u0151tt enged\u00e9lyt adn\u00e1nak a bel\u00e9p\u00e9sre \u00e9s hozz\u00e1j\u00e1rul ahhoz, hogy csak azzal ker\u00fclj\u00fcnk szem\u00e9lyes kontaktusba, akivel [&hellip;]<\/p>\n","protected":false},"author":1,"featured_media":0,"parent":0,"menu_order":0,"comment_status":"closed","ping_status":"closed","template":"","meta":{"footnotes":""},"class_list":["post-85","page","type-page","status-publish","hentry"],"aioseo_notices":[],"jetpack-related-posts":[],"jetpack_sharing_enabled":true,"_links":{"self":[{"href":"https:\/\/max-ved.hu\/index.php\/wp-json\/wp\/v2\/pages\/85","targetHints":{"allow":["GET"]}}],"collection":[{"href":"https:\/\/max-ved.hu\/index.php\/wp-json\/wp\/v2\/pages"}],"about":[{"href":"https:\/\/max-ved.hu\/index.php\/wp-json\/wp\/v2\/types\/page"}],"author":[{"embeddable":true,"href":"https:\/\/max-ved.hu\/index.php\/wp-json\/wp\/v2\/users\/1"}],"replies":[{"embeddable":true,"href":"https:\/\/max-ved.hu\/index.php\/wp-json\/wp\/v2\/comments?post=85"}],"version-history":[{"count":39,"href":"https:\/\/max-ved.hu\/index.php\/wp-json\/wp\/v2\/pages\/85\/revisions"}],"predecessor-version":[{"id":510,"href":"https:\/\/max-ved.hu\/index.php\/wp-json\/wp\/v2\/pages\/85\/revisions\/510"}],"wp:attachment":[{"href":"https:\/\/max-ved.hu\/index.php\/wp-json\/wp\/v2\/media?parent=85"}],"curies":[{"name":"wp","href":"https:\/\/api.w.org\/{rel}","templated":true}]}}