{"id":93,"date":"2023-11-08T20:38:48","date_gmt":"2023-11-08T20:38:48","guid":{"rendered":"https:\/\/max-ved.hu\/?page_id=93"},"modified":"2025-01-17T09:46:57","modified_gmt":"2025-01-17T09:46:57","slug":"araink","status":"publish","type":"page","link":"https:\/\/max-ved.hu\/index.php\/araink\/","title":{"rendered":"\u00c1raink"},"content":{"rendered":"\t\t<div data-elementor-type=\"wp-page\" data-elementor-id=\"93\" class=\"elementor elementor-93\" data-elementor-post-type=\"page\">\n\t\t\t\t<div class=\"elementor-element elementor-element-b497f80 e-flex e-con-boxed e-con e-parent\" data-id=\"b497f80\" data-element_type=\"container\" data-settings=\"{&quot;background_background&quot;:&quot;classic&quot;}\">\n\t\t\t\t\t<div class=\"e-con-inner\">\n\t\t\t\t<div class=\"elementor-element elementor-element-21291a5 elementor-widget elementor-widget-heading\" data-id=\"21291a5\" data-element_type=\"widget\" data-widget_type=\"heading.default\">\n\t\t\t\t<div class=\"elementor-widget-container\">\n\t\t\t\t\t<h2 class=\"elementor-heading-title elementor-size-default\">\u00c1raink<\/h2>\t\t\t\t<\/div>\n\t\t\t\t<\/div>\n\t\t\t\t\t<\/div>\n\t\t\t\t<\/div>\n\t\t<div class=\"elementor-element elementor-element-b414c33 e-flex e-con-boxed e-con e-parent\" data-id=\"b414c33\" data-element_type=\"container\" data-settings=\"{&quot;background_background&quot;:&quot;classic&quot;}\">\n\t\t\t\t\t<div class=\"e-con-inner\">\n\t\t<div class=\"elementor-element elementor-element-7e18813 e-con-full e-flex elementor-invisible e-con e-child\" data-id=\"7e18813\" data-element_type=\"container\" data-settings=\"{&quot;animation&quot;:&quot;fadeInLeft&quot;,&quot;animation_mobile&quot;:&quot;none&quot;}\">\n\t\t\t\t<div class=\"elementor-element elementor-element-5a626b5 elementor-widget elementor-widget-heading\" data-id=\"5a626b5\" data-element_type=\"widget\" data-widget_type=\"heading.default\">\n\t\t\t\t<div class=\"elementor-widget-container\">\n\t\t\t\t\t<h2 class=\"elementor-heading-title elementor-size-default\">Amivel sz\u00e1molni lehet:<\/h2>\t\t\t\t<\/div>\n\t\t\t\t<\/div>\n\t\t\t\t<div class=\"elementor-element elementor-element-3e0d0d8 elementor-widget-divider--view-line elementor-widget elementor-widget-divider\" data-id=\"3e0d0d8\" data-element_type=\"widget\" data-widget_type=\"divider.default\">\n\t\t\t\t<div class=\"elementor-widget-container\">\n\t\t\t\t\t\t\t<div class=\"elementor-divider\">\n\t\t\t<span class=\"elementor-divider-separator\">\n\t\t\t\t\t\t<\/span>\n\t\t<\/div>\n\t\t\t\t\t\t<\/div>\n\t\t\t\t<\/div>\n\t\t\t\t<div class=\"elementor-element elementor-element-2ea0700 elementor-widget elementor-widget-text-editor\" data-id=\"2ea0700\" data-element_type=\"widget\" data-widget_type=\"text-editor.default\">\n\t\t\t\t<div class=\"elementor-widget-container\">\n\t\t\t\t\t\t\t\t\t<p>\u2022 Kisz\u00e1ll\u00e1si d\u00edj<\/p><p>\u2022 Anayagk\u00f6lts\u00e9g<\/p><p>\u2022 Beszerel\u00e9si k\u00f6lts\u00e9g<\/p><p>\u2022 K\u00e9s\u0151bbi karbantart\u00e1si munk\u00e1latok k\u00f6lts\u00e9gei(ig\u00e9ny eset\u00e9n)<\/p>\t\t\t\t\t\t\t\t<\/div>\n\t\t\t\t<\/div>\n\t\t\t\t<\/div>\n\t\t<div class=\"elementor-element elementor-element-faf66b4 e-con-full e-flex elementor-invisible e-con e-child\" data-id=\"faf66b4\" data-element_type=\"container\" data-settings=\"{&quot;animation&quot;:&quot;fadeInRight&quot;}\">\n\t\t\t\t<div class=\"elementor-element elementor-element-0231d31 elementor-widget elementor-widget-heading\" data-id=\"0231d31\" data-element_type=\"widget\" data-widget_type=\"heading.default\">\n\t\t\t\t<div class=\"elementor-widget-container\">\n\t\t\t\t\t<h2 class=\"elementor-heading-title elementor-size-default\">Szerv\u00edz \u00f3rad\u00edjak<\/h2>\t\t\t\t<\/div>\n\t\t\t\t<\/div>\n\t\t\t\t<div class=\"elementor-element elementor-element-105279d elementor-widget-divider--view-line elementor-widget elementor-widget-divider\" data-id=\"105279d\" data-element_type=\"widget\" data-widget_type=\"divider.default\">\n\t\t\t\t<div class=\"elementor-widget-container\">\n\t\t\t\t\t\t\t<div class=\"elementor-divider\">\n\t\t\t<span class=\"elementor-divider-separator\">\n\t\t\t\t\t\t<\/span>\n\t\t<\/div>\n\t\t\t\t\t\t<\/div>\n\t\t\t\t<\/div>\n\t\t\t\t<div class=\"elementor-element elementor-element-448ed4a elementor-widget elementor-widget-text-editor\" data-id=\"448ed4a\" data-element_type=\"widget\" data-widget_type=\"text-editor.default\">\n\t\t\t\t<div class=\"elementor-widget-container\">\n\t\t\t\t\t\t\t\t\t<p>\u2022 Kisz\u00e1ll\u00e1si d\u00edj Budapest &#8211; nett\u00f3 10 000.-Ft<\/p><p>\u2022 Megkezdett \u00f3ra\/f\u0151 (8-17) &#8211; nett\u00f3 10 000.-Ft<\/p><p>\u2022 Megkezdett \u00f3ra\/f\u0151 (17-8) &#8211; nett\u00f3 15 000.-Ft<\/p><p>\u2022 M\u00e9rn\u00f6k-Programoz\u00f3 \u00f3rad\u00edj &#8211; nett\u00f3 20 000.-Ft<\/p><p>\u2022 Budapesten k\u00edv\u00fcl km d\u00edj &#8211; nett\u00f3 160.-Ft<\/p><p>\u2022 Kisz\u00e1ll\u00e1si d\u00edj h\u00e9tv\u00e9genk\u00e9nt &#8211; nett\u00f3 18 000.-Ft<\/p>\t\t\t\t\t\t\t\t<\/div>\n\t\t\t\t<\/div>\n\t\t\t\t<\/div>\n\t\t\t\t\t<\/div>\n\t\t\t\t<\/div>\n\t\t<div class=\"elementor-element elementor-element-0a3a86a e-flex e-con-boxed e-con e-parent\" data-id=\"0a3a86a\" data-element_type=\"container\">\n\t\t\t\t\t<div class=\"e-con-inner\">\n\t\t\t\t<div class=\"elementor-element elementor-element-19b9c27 elementor-widget-divider--view-line elementor-widget elementor-widget-divider\" data-id=\"19b9c27\" data-element_type=\"widget\" data-widget_type=\"divider.default\">\n\t\t\t\t<div class=\"elementor-widget-container\">\n\t\t\t\t\t\t\t<div class=\"elementor-divider\">\n\t\t\t<span class=\"elementor-divider-separator\">\n\t\t\t\t\t\t<\/span>\n\t\t<\/div>\n\t\t\t\t\t\t<\/div>\n\t\t\t\t<\/div>\n\t\t\t\t\t<\/div>\n\t\t\t\t<\/div>\n\t\t<div class=\"elementor-element elementor-element-0fd2e49 e-flex e-con-boxed e-con e-parent\" data-id=\"0fd2e49\" data-element_type=\"container\">\n\t\t\t\t\t<div class=\"e-con-inner\">\n\t\t\t\t<div class=\"elementor-element elementor-element-f8214ba elementor-widget elementor-widget-heading\" data-id=\"f8214ba\" data-element_type=\"widget\" data-widget_type=\"heading.default\">\n\t\t\t\t<div class=\"elementor-widget-container\">\n\t\t\t\t\t<h2 class=\"elementor-heading-title elementor-size-default\">Hat\u00f3ter\u00fclet<\/h2>\t\t\t\t<\/div>\n\t\t\t\t<\/div>\n\t\t\t\t<div class=\"elementor-element elementor-element-9b3225c elementor-widget elementor-widget-text-editor\" data-id=\"9b3225c\" data-element_type=\"widget\" data-widget_type=\"text-editor.default\">\n\t\t\t\t<div class=\"elementor-widget-container\">\n\t\t\t\t\t\t\t\t\t<p>Budapest \u00e9s vonz\u00e1sk\u00f6rzete<\/p><p><em>(ig\u00e9ny eset\u00e9n Magyarorsz\u00e1g eg\u00e9sz ter\u00fclet\u00e9n \u00e9s a szomsz\u00e9dos orsz\u00e1gokban is v\u00e1llalunk munk\u00e1t)<\/em><\/p>\t\t\t\t\t\t\t\t<\/div>\n\t\t\t\t<\/div>\n\t\t\t\t\t<\/div>\n\t\t\t\t<\/div>\n\t\t<div class=\"elementor-element elementor-element-8e37a89 e-flex e-con-boxed e-con e-parent\" data-id=\"8e37a89\" data-element_type=\"container\">\n\t\t\t\t\t<div class=\"e-con-inner\">\n\t\t\t\t<div class=\"elementor-element elementor-element-db97cc1 elementor-widget elementor-widget-image\" data-id=\"db97cc1\" data-element_type=\"widget\" data-widget_type=\"image.default\">\n\t\t\t\t<div class=\"elementor-widget-container\">\n\t\t\t\t\t\t\t\t\t\t\t\t\t\t\t<img fetchpriority=\"high\" decoding=\"async\" width=\"631\" height=\"395\" src=\"https:\/\/i0.wp.com\/max-ved.hu\/wp-content\/uploads\/2023\/11\/Hungary_map_with_Balaton-removebg-preview.png?fit=631%2C395&amp;ssl=1\" class=\"attachment-full size-full wp-image-421\" alt=\"\" srcset=\"https:\/\/i0.wp.com\/max-ved.hu\/wp-content\/uploads\/2023\/11\/Hungary_map_with_Balaton-removebg-preview.png?w=631&amp;ssl=1 631w, https:\/\/i0.wp.com\/max-ved.hu\/wp-content\/uploads\/2023\/11\/Hungary_map_with_Balaton-removebg-preview.png?resize=300%2C188&amp;ssl=1 300w\" sizes=\"(max-width: 631px) 100vw, 631px\" \/>\t\t\t\t\t\t\t\t\t\t\t\t\t\t\t<\/div>\n\t\t\t\t<\/div>\n\t\t\t\t\t<\/div>\n\t\t\t\t<\/div>\n\t\t\t\t<\/div>\n\t\t","protected":false},"excerpt":{"rendered":"<p>\u00c1raink Amivel sz\u00e1molni lehet: \u2022 Kisz\u00e1ll\u00e1si d\u00edj \u2022 Anayagk\u00f6lts\u00e9g \u2022 Beszerel\u00e9si k\u00f6lts\u00e9g \u2022 K\u00e9s\u0151bbi karbantart\u00e1si munk\u00e1latok k\u00f6lts\u00e9gei(ig\u00e9ny eset\u00e9n) Szerv\u00edz \u00f3rad\u00edjak \u2022 Kisz\u00e1ll\u00e1si d\u00edj Budapest &#8211; nett\u00f3 10 000.-Ft \u2022 Megkezdett \u00f3ra\/f\u0151 (8-17) &#8211; nett\u00f3 10 000.-Ft \u2022 Megkezdett \u00f3ra\/f\u0151 (17-8) &#8211; nett\u00f3 15 000.-Ft \u2022 M\u00e9rn\u00f6k-Programoz\u00f3 \u00f3rad\u00edj &#8211; nett\u00f3 20 000.-Ft \u2022 Budapesten k\u00edv\u00fcl km [&hellip;]<\/p>\n","protected":false},"author":1,"featured_media":0,"parent":0,"menu_order":0,"comment_status":"closed","ping_status":"closed","template":"","meta":{"footnotes":""},"class_list":["post-93","page","type-page","status-publish","hentry"],"aioseo_notices":[],"jetpack-related-posts":[],"jetpack_sharing_enabled":true,"_links":{"self":[{"href":"https:\/\/max-ved.hu\/index.php\/wp-json\/wp\/v2\/pages\/93","targetHints":{"allow":["GET"]}}],"collection":[{"href":"https:\/\/max-ved.hu\/index.php\/wp-json\/wp\/v2\/pages"}],"about":[{"href":"https:\/\/max-ved.hu\/index.php\/wp-json\/wp\/v2\/types\/page"}],"author":[{"embeddable":true,"href":"https:\/\/max-ved.hu\/index.php\/wp-json\/wp\/v2\/users\/1"}],"replies":[{"embeddable":true,"href":"https:\/\/max-ved.hu\/index.php\/wp-json\/wp\/v2\/comments?post=93"}],"version-history":[{"count":30,"href":"https:\/\/max-ved.hu\/index.php\/wp-json\/wp\/v2\/pages\/93\/revisions"}],"predecessor-version":[{"id":591,"href":"https:\/\/max-ved.hu\/index.php\/wp-json\/wp\/v2\/pages\/93\/revisions\/591"}],"wp:attachment":[{"href":"https:\/\/max-ved.hu\/index.php\/wp-json\/wp\/v2\/media?parent=93"}],"curies":[{"name":"wp","href":"https:\/\/api.w.org\/{rel}","templated":true}]}}